{"id":81,"date":"2017-09-24T11:05:33","date_gmt":"2017-09-24T09:05:33","guid":{"rendered":"http:\/\/vie-et-bienetre.com\/?page_id=81"},"modified":"2023-12-09T11:23:02","modified_gmt":"2023-12-09T10:23:02","slug":"se-regenerer","status":"publish","type":"page","link":"https:\/\/vie-et-bienetre.com\/index.php\/se-regenerer\/","title":{"rendered":"Le Bien-Etre au Naturel"},"content":{"rendered":"<p><a href=\"https:\/\/direct.foreverliving.fr\/produits\/forme\/les-bases-du-bien-etre.html\"><img loading=\"lazy\" decoding=\"async\" class=\"wp-image-1148 alignleft\" src=\"https:\/\/vie-et-bienetre.com\/wp-content\/uploads\/2022\/08\/aloe\u0301boirephoto-532172108-612x612-1-300x221.jpg\" alt=\"\" width=\"316\" height=\"233\" srcset=\"https:\/\/vie-et-bienetre.com\/wp-content\/uploads\/2022\/08\/aloe\u0301boirephoto-532172108-612x612-1-300x221.jpg 300w, https:\/\/vie-et-bienetre.com\/wp-content\/uploads\/2022\/08\/aloe\u0301boirephoto-532172108-612x612-1.jpg 612w\" sizes=\"auto, (max-width: 316px) 100vw, 316px\" \/><\/a><\/p>\n<p><span style=\"font-size: 12pt;\"><span style=\"font-family: arial,helvetica,sans-serif;\">Lors des changements de saisons ou au cours de p\u00e9riodes stressantes, il est important de soutenir son corps, notamment \u00e0 l&rsquo;aide de r\u00e9g\u00e9n\u00e9rants recommand\u00e9s en ayurv\u00e9da particuli\u00e8rement b\u00e9n\u00e9fiques pour renforcer l&rsquo; \u00e9nergie vitale et les d\u00e9fenses immunitaires. <\/span><\/span><\/p>\n<p><span style=\"font-size: 12pt;\"><span style=\"font-family: arial,helvetica,sans-serif;\">Vous trouverez ces compl\u00e9ments sur notre <\/span><\/span><span style=\"font-size: 14pt;\"><a style=\"text-decoration: none;\" href=\"https:\/\/www.foreverliving.fr\/ref\/330001003662\/\"><span style=\"font-family: arial,helvetica,sans-serif;\"><strong>boutique de produits naturels<\/strong>.<\/span><\/a><\/span><\/p>\n<p><span style=\"font-size: 12pt; font-family: arial,helvetica,sans-serif;\">Pour plus d&rsquo;informations, n&rsquo;h\u00e9sitez pas \u00e0 nous contacter par t\u00e9l\u00e9phone au n\u00b0 :<strong> 02 43 90 84 18<\/strong> ou sur <a style=\"text-decoration: none;\" href=\"http:\/\/vie-et-bienetre.com\/index.php\/contact\/\">notre page \u00ab\u00a0contact\u00a0\u00bb<\/a>.<\/span><\/p>\n","protected":false},"excerpt":{"rendered":"<p>Lors des changements de saisons ou au cours de p\u00e9riodes stressantes, il est important de soutenir son corps, notamment \u00e0 l&rsquo;aide de r\u00e9g\u00e9n\u00e9rants recommand\u00e9s en ayurv\u00e9da particuli\u00e8rement b\u00e9n\u00e9fiques pour renforcer l&rsquo; \u00e9nergie vitale et les d\u00e9fenses immunitaires. Vous trouverez ces&#8230;<br \/><a class=\"read-more-button\" href=\"https:\/\/vie-et-bienetre.com\/index.php\/se-regenerer\/\">Savoir plus<\/a><\/p>\n","protected":false},"author":2,"featured_media":0,"parent":0,"menu_order":0,"comment_status":"closed","ping_status":"closed","template":"","meta":{"footnotes":""},"class_list":["post-81","page","type-page","status-publish","hentry"],"_links":{"self":[{"href":"https:\/\/vie-et-bienetre.com\/index.php\/wp-json\/wp\/v2\/pages\/81","targetHints":{"allow":["GET"]}}],"collection":[{"href":"https:\/\/vie-et-bienetre.com\/index.php\/wp-json\/wp\/v2\/pages"}],"about":[{"href":"https:\/\/vie-et-bienetre.com\/index.php\/wp-json\/wp\/v2\/types\/page"}],"author":[{"embeddable":true,"href":"https:\/\/vie-et-bienetre.com\/index.php\/wp-json\/wp\/v2\/users\/2"}],"replies":[{"embeddable":true,"href":"https:\/\/vie-et-bienetre.com\/index.php\/wp-json\/wp\/v2\/comments?post=81"}],"version-history":[{"count":47,"href":"https:\/\/vie-et-bienetre.com\/index.php\/wp-json\/wp\/v2\/pages\/81\/revisions"}],"predecessor-version":[{"id":1404,"href":"https:\/\/vie-et-bienetre.com\/index.php\/wp-json\/wp\/v2\/pages\/81\/revisions\/1404"}],"wp:attachment":[{"href":"https:\/\/vie-et-bienetre.com\/index.php\/wp-json\/wp\/v2\/media?parent=81"}],"curies":[{"name":"wp","href":"https:\/\/api.w.org\/{rel}","templated":true}]}}