{"id":7,"date":"2017-09-03T16:28:13","date_gmt":"2017-09-03T14:28:13","guid":{"rendered":"http:\/\/vie-et-bienetre.com\/?page_id=7"},"modified":"2022-11-15T14:39:00","modified_gmt":"2022-11-15T13:39:00","slug":"accueil","status":"publish","type":"page","link":"https:\/\/vie-et-bienetre.com\/","title":{"rendered":"Vie et Bien-Etre vous souhaite la bienvenue !"},"content":{"rendered":"<p><strong><span style=\"font-size: 14pt; font-family: arial, helvetica, sans-serif;\">Une approche globale : un accompagnement psycho-corporel. <\/span><br \/>\n<span style=\"font-size: 14pt;\"><span style=\"font-family: arial,helvetica,sans-serif;\">Retrouver l&rsquo;\u00e9quilibre, lib\u00e9rer le corps et l&rsquo;esprit pour vous recentrer.<\/span><\/span><\/strong><br \/>\n<strong><span style=\"font-family: arial, helvetica, sans-serif; font-size: 14pt;\">Retrouver le sens, plus d&rsquo;espace et de paix.<\/span><\/strong><\/p>\n<p><span style=\"font-family: arial, helvetica, sans-serif; font-size: 12pt;\">\u21d2 <a style=\"text-decoration: none;\" href=\"https:\/\/vie-et-bienetre.com\/index.php\/les-soins-energetiques-ayurvediques-aux-bols-chantants\/\"><strong><em>Les soins \u00e9nerg\u00e9tiques corporels<\/em><\/strong><\/a> vont permettre de l\u00e2cher les cristallisations \u00e9motionnelles et \u00e9nerg\u00e9tiques et aider le corps \u00e0 retrouver son \u00e9quilibre naturel gr\u00e2ce \u00e0 la combinaison de plusieurs techniques : massage du visage, stimulation de points \u00e9nerg\u00e9tiques ayurv\u00e9diques, imposition des mains, d\u00e9tente du ventre et des pieds. Les ondes des bols chantants plac\u00e9s par la suite sur certains points vitaux\u00a0 vont permettre de l\u00e2cher les r\u00e9sistances, aider l&rsquo;\u00e9nergie vitale \u00e0 retrouver sa fluidit\u00e9 tant au niveau corporel qu&rsquo;au niveau \u00e9motionnel.<\/span><\/p>\n<p><span style=\"font-family: arial, helvetica, sans-serif; font-size: 12pt;\"><span style=\"font-size: 12pt;\">\u21d2<em><strong><a style=\"text-decoration: none; color: #ecaf5f;\" href=\"https:\/\/vie-et-bienetre.com\/index.php\/la-liberation-emotionnelle-energetique\/\"> L&rsquo;accompagnement EFT<\/a><\/strong> (m\u00e9thode psycho-\u00e9nerg\u00e9tique),<\/em> va d\u00e9gager les \u00e9motions perturbatrices, les fausses croyances, les sch\u00e9mas n\u00e9gatifs en reprogrammant le cerveau \u00e9motionnel et le syst\u00e8me \u00e9nerg\u00e9tique. Cette m\u00e9thode permet d&rsquo;arr\u00eater de subir les situations difficiles et de recr\u00e9er de nouveaux fonctionnements constructifs en changeant les associations dans le cerveau et en agissant sur le corps. <\/span><\/span><span style=\"font-family: arial, helvetica, sans-serif; font-size: 14pt;\"><span style=\"font-size: 12pt;\">Peut se faire par skype.<\/span> <\/span><\/p>\n<p>\u21d2 <a style=\"text-decoration: none; color: #ecaf5f;\" href=\"https:\/\/direct.foreverliving.fr\/produits\/forme\/les-bases-du-bien-etre.html\"><span style=\"font-family: arial, helvetica, sans-serif; font-size: 12pt;\"><strong><em>La boutique en ligne<\/em><\/strong><\/span><\/a> <span style=\"font-family: arial, helvetica, sans-serif; font-size: 12pt;\">va vous aider \u00e0 soutenir votre corps gr\u00e2ce \u00e0 des r\u00e9g\u00e9n\u00e9rants et compl\u00e9ments naturels recommand\u00e9s en Ayurveda notamment lors des changements de saisons, p\u00e9riodes de transition ou p\u00e9riodes difficiles. N&rsquo;h\u00e9sitez pas \u00e0 nous demander conseil pour plus d&rsquo;informations.<\/span><\/p>\n<table style=\"width: 100%; border-color: #ffffff; border-style: hidden; height: 227px;\" border=\"0\">\n<tbody>\n<tr style=\"height: 175px; border-style: hidden;\">\n<td style=\"width: 33.3333%; border-style: hidden; text-align: center; height: 175px;\"><a href=\"https:\/\/vie-et-bienetre.com\/index.php\/les-soins-energetiques-ayurvediques-aux-bols-chantants\/soin-energetique-harmonisation-globale\/\"><img loading=\"lazy\" decoding=\"async\" class=\"alignnone wp-image-1073 size-thumbnail\" src=\"https:\/\/vie-et-bienetre.com\/wp-content\/uploads\/2021\/12\/visage_rond-150x150.png\" alt=\"\" width=\"150\" height=\"150\" srcset=\"https:\/\/vie-et-bienetre.com\/wp-content\/uploads\/2021\/12\/visage_rond-150x150.png 150w, https:\/\/vie-et-bienetre.com\/wp-content\/uploads\/2021\/12\/visage_rond.png 237w\" sizes=\"auto, (max-width: 150px) 100vw, 150px\" \/><\/a><\/td>\n<td style=\"width: 33.3333%; border-style: hidden; text-align: center; height: 175px;\"><a href=\"http:\/\/vie-et-bienetre.com\/index.php\/la-liberation-emotionnelle-energetique\/\"><img loading=\"lazy\" decoding=\"async\" class=\"aligncenter wp-image-1020 size-thumbnail\" src=\"https:\/\/vie-et-bienetre.com\/wp-content\/uploads\/2021\/09\/rond_foret-150x150.png\" alt=\"\" width=\"150\" height=\"150\" srcset=\"https:\/\/vie-et-bienetre.com\/wp-content\/uploads\/2021\/09\/rond_foret-150x150.png 150w, https:\/\/vie-et-bienetre.com\/wp-content\/uploads\/2021\/09\/rond_foret.png 300w\" sizes=\"auto, (max-width: 150px) 100vw, 150px\" \/><\/a><\/td>\n<td style=\"width: 33.3333%; border-style: hidden; text-align: center; height: 175px;\"><a href=\"https:\/\/vie-et-bienetre.com\/index.php\/les-soins-energetiques-ayurvediques-aux-bols-chantants\/soin-energetique-bien-etre-emotionnel\/\"><img loading=\"lazy\" decoding=\"async\" class=\"aligncenter wp-image-952 size-thumbnail\" src=\"https:\/\/vie-et-bienetre.com\/wp-content\/uploads\/2021\/07\/rond_03-150x150.png\" alt=\"\" width=\"150\" height=\"150\" srcset=\"https:\/\/vie-et-bienetre.com\/wp-content\/uploads\/2021\/07\/rond_03-150x150.png 150w, https:\/\/vie-et-bienetre.com\/wp-content\/uploads\/2021\/07\/rond_03-300x300.png 300w, https:\/\/vie-et-bienetre.com\/wp-content\/uploads\/2021\/07\/rond_03.png 585w\" sizes=\"auto, (max-width: 150px) 100vw, 150px\" \/><\/a><\/td>\n<\/tr>\n<tr style=\"height: 52px; border-style: hidden;\">\n<td style=\"width: 33.3333%; border-style: hidden; text-align: center; height: 52px;\"><a style=\"text-decoration: none;\" href=\"https:\/\/vie-et-bienetre.com\/index.php\/les-soins-energetiques-ayurvediques-aux-bols-chantants\/soin-energetique-bien-etre-emotionnel\/\"><span style=\"font-size: 14pt;\">Le Soin Energ\u00e9tique<br \/>\nBien-Etre Emotionnel<\/span><\/a><\/td>\n<td style=\"width: 33.3333%; border-style: hidden; text-align: center; height: 52px;\"><a style=\"text-decoration: none;\" href=\"http:\/\/vie-et-bienetre.com\/index.php\/la-liberation-emotionnelle-energetique\/\"><span style=\"font-size: 14pt;\">L&rsquo; Accompagnement Psycho-<br \/>\nEnerg\u00e9tique (EFT)<\/span><\/a><\/td>\n<td style=\"width: 33.3333%; border-style: hidden; text-align: center; height: 52px;\"><a style=\"text-decoration: none;\" href=\"https:\/\/vie-et-bienetre.com\/index.php\/les-soins-energetiques-ayurvediques-aux-bols-chantants\/soin-energetique-harmonisation-globale\/\"><span style=\"font-size: 14pt;\">Le Soin Energ\u00e9tique<br \/>\nHarmonisation Globale<\/span><\/a><\/td>\n<\/tr>\n<\/tbody>\n<\/table>\n<p class=\"western\" style=\"text-align: left;\" align=\"left\"><span style=\"font-family: arial,helvetica,sans-serif; font-size: 12pt;\">Si vous souhaitez prendre un rendez-vous, n&rsquo;h\u00e9sitez pas \u00e0 nous contacter du lundi au samedi au <strong>02 43 90 84 18<\/strong> <\/span><\/p>\n<p class=\"western\" style=\"text-align: left;\" align=\"left\"><span style=\"font-family: arial,helvetica,sans-serif; font-size: 12pt;\">ou par notre <a style=\"text-decoration: none;\" href=\"http:\/\/vie-et-bienetre.com\/index.php\/contact\/\">formulaire de contact.<\/a><\/span><\/p>\n<p class=\"western\" align=\"left\"><span style=\"font-family: arial,helvetica,sans-serif; font-size: 10pt;\">\u00a0<\/span><\/p>\n","protected":false},"excerpt":{"rendered":"<p>Une approche globale : un accompagnement psycho-corporel. Retrouver l&rsquo;\u00e9quilibre, lib\u00e9rer le corps et l&rsquo;esprit pour vous recentrer. Retrouver le sens, plus d&rsquo;espace et de paix. \u21d2 Les soins \u00e9nerg\u00e9tiques corporels vont permettre de l\u00e2cher les cristallisations \u00e9motionnelles et \u00e9nerg\u00e9tiques et&#8230;<br \/><a class=\"read-more-button\" href=\"https:\/\/vie-et-bienetre.com\/\">Savoir plus<\/a><\/p>\n","protected":false},"author":2,"featured_media":0,"parent":0,"menu_order":0,"comment_status":"closed","ping_status":"closed","template":"","meta":{"footnotes":""},"class_list":["post-7","page","type-page","status-publish","hentry"],"_links":{"self":[{"href":"https:\/\/vie-et-bienetre.com\/index.php\/wp-json\/wp\/v2\/pages\/7","targetHints":{"allow":["GET"]}}],"collection":[{"href":"https:\/\/vie-et-bienetre.com\/index.php\/wp-json\/wp\/v2\/pages"}],"about":[{"href":"https:\/\/vie-et-bienetre.com\/index.php\/wp-json\/wp\/v2\/types\/page"}],"author":[{"embeddable":true,"href":"https:\/\/vie-et-bienetre.com\/index.php\/wp-json\/wp\/v2\/users\/2"}],"replies":[{"embeddable":true,"href":"https:\/\/vie-et-bienetre.com\/index.php\/wp-json\/wp\/v2\/comments?post=7"}],"version-history":[{"count":329,"href":"https:\/\/vie-et-bienetre.com\/index.php\/wp-json\/wp\/v2\/pages\/7\/revisions"}],"predecessor-version":[{"id":1384,"href":"https:\/\/vie-et-bienetre.com\/index.php\/wp-json\/wp\/v2\/pages\/7\/revisions\/1384"}],"wp:attachment":[{"href":"https:\/\/vie-et-bienetre.com\/index.php\/wp-json\/wp\/v2\/media?parent=7"}],"curies":[{"name":"wp","href":"https:\/\/api.w.org\/{rel}","templated":true}]}}