{"id":630,"date":"2019-08-13T10:31:29","date_gmt":"2019-08-13T08:31:29","guid":{"rendered":"http:\/\/vie-et-bienetre.com\/?page_id=630"},"modified":"2023-12-09T12:15:06","modified_gmt":"2023-12-09T11:15:06","slug":"la-liberation-emotionnelle-energetique","status":"publish","type":"page","link":"https:\/\/vie-et-bienetre.com\/index.php\/la-liberation-emotionnelle-energetique\/","title":{"rendered":"Accompagnement Psycho-Energ\u00e9tique"},"content":{"rendered":"<p><span style=\"font-family: arial,helvetica,sans-serif; font-size: 12pt;\"><img loading=\"lazy\" decoding=\"async\" class=\"alignleft  wp-image-1004\" src=\"https:\/\/vie-et-bienetre.com\/wp-content\/uploads\/2021\/08\/points-tapping_3.jpeg\" alt=\"\" width=\"330\" height=\"244\" srcset=\"https:\/\/vie-et-bienetre.com\/wp-content\/uploads\/2021\/08\/points-tapping_3.jpeg 348w, https:\/\/vie-et-bienetre.com\/wp-content\/uploads\/2021\/08\/points-tapping_3-300x222.jpeg 300w\" sizes=\"auto, (max-width: 330px) 100vw, 330px\" \/><\/span><span style=\"font-family: arial,helvetica,sans-serif; font-size: 12pt;\">La Lib\u00e9ration Emotionnelle Energ\u00e9tique (EFT, Emotional Freedom Technique) est une m\u00e9thode psycho-corporelle qui<\/span><span style=\"font-family: arial,helvetica,sans-serif; font-size: 12pt;\"> permet de se lib\u00e9rer des \u00e9motions n\u00e9gatives en lien avec l&rsquo;enfant int\u00e9rieur, le transg\u00e9n\u00e9rationnel, des traumatismes ou \u00e9v\u00e8nements ayant provoqu\u00e9 un mal-\u00eatre<\/span><span style=\"font-family: arial,helvetica,sans-serif; font-size: 12pt;\">. L&rsquo;EFT est particuli\u00e8rement indiqu\u00e9e en cas de<br \/>\n<\/span><\/p>\n<ul style=\"list-style-position: inside;\">\n<li><span style=\"font-family: arial, helvetica, sans-serif; font-size: 12pt;\">stress, angoisses, panique, peurs<br \/>\n<\/span><\/li>\n<li><span style=\"font-family: arial, helvetica, sans-serif; font-size: 12pt;\">tristesse, chagrin, d\u00e9pression, perte de sens<br \/>\n<\/span><\/li>\n<li><span style=\"font-family: arial, helvetica, sans-serif; font-size: 12pt;\">col\u00e8re, honte, culpabilit\u00e9, jugements sur soi-m\u00eame<\/span><span style=\"font-family: arial, helvetica, sans-serif; font-size: 12pt;\"><br \/>\n<\/span><\/li>\n<li><span style=\"font-family: arial, helvetica, sans-serif; font-size: 12pt;\">manque de confiance et d&rsquo;estime de soi<\/span><span style=\"font-family: arial,helvetica,sans-serif; font-size: 12pt;\"><br \/>\n<\/span><\/li>\n<\/ul>\n<p><span style=\"font-family: arial, helvetica, sans-serif; font-size: 12pt;\">Cette technique d\u00e9gage les \u00e9motions tout en recr\u00e9ant de nouvelles associations dans le cerveau \u00e9motionnel et le syst\u00e8me \u00e9nerg\u00e9tique. Elle consiste en de l\u00e9gers tapotements sur des points \u00e9nerg\u00e9tiques par auto-stimulation tout en utilisant l&rsquo;expression verbale et inclut une dizaine de techniques de th\u00e9rapies du champ mental.<\/span><\/p>\n<p><span style=\"font-family: arial, helvetica, sans-serif; font-size: 12pt;\">Les axes de lib\u00e9ration se portent souvent sur l&rsquo;enfant int\u00e9rieur, les chocs et traumatismes r\u00e9cents ou anciens, les croyances li\u00e9es aux lign\u00e9es transg\u00e9n\u00e9rationnelles, le deuxi\u00e8me pr\u00e9nom (charge inconsciente), les sch\u00e9mas r\u00e9p\u00e9titifs, les conflits int\u00e9rieurs, la fusion \u00e9nerg\u00e9tique (en cas de perte d&rsquo;un \u00eatre cher), le stress (en lien ou non avec la douleur).<\/span><\/p>\n<p><span style=\"font-family: arial,helvetica,sans-serif; font-size: 12pt;\">Elle permet non seulement de pacifier les \u00e9motions n\u00e9gatives mais aussi de reprogrammer le cerveau limbique et le syst\u00e8me \u00e9nerg\u00e9tique en envoyant de nouvelles informations afin que ces nouvelles donn\u00e9es ne restent pas uniquement au niveau mental mais r\u00e9tablissent l&rsquo;harmonie corps-esprit de mani\u00e8re globale.<\/span><\/p>\n<p>&nbsp;<\/p>\n<p><strong><span style=\"font-family: arial,helvetica,sans-serif; font-size: 12pt;\">D\u00e9roulement d&rsquo;une s\u00e9ance :<\/span><\/strong><\/p>\n<ul>\n<li><span style=\"font-family: arial, helvetica, sans-serif; font-size: 12pt;\">\u00e9coute et clarification des \u00e9motions perturbatrices et de la probl\u00e9matique, identification des diff\u00e9rents aspects<\/span><\/li>\n<li><span style=\"font-family: arial,helvetica,sans-serif; font-size: 12pt;\">\u00e9valuation de l&rsquo;intensit\u00e9 des \u00e9motions, localisation dans le corps<\/span><\/li>\n<li><span style=\"font-family: arial,helvetica,sans-serif; font-size: 12pt;\">nettoyage \u00e9nerg\u00e9tique des \u00e9motions par rondes de tapotements sur les points \u00e9nerg\u00e9tiques <\/span><span style=\"font-family: arial,helvetica,sans-serif; font-size: 12pt;\"><br \/>\n<\/span><\/li>\n<li><span style=\"font-family: arial,helvetica,sans-serif; font-size: 12pt;\">reprogrammation du cerveau et du syst\u00e8me \u00e9nerg\u00e9tique, changement des associations conscientes ou inconscientes<br \/>\n<\/span><\/li>\n<\/ul>\n<p><em><span style=\"font-family: arial,helvetica,sans-serif; font-size: 12pt;\">NB : la reprogrammation compl\u00e8te ne peut se faire qu&rsquo;une fois la pacification des \u00e9motions et des diff\u00e9rents aspects effectu\u00e9e, cela peut avoir lieu d\u00e8s le premier rendez-vous ou apr\u00e8s plusieurs s\u00e9ances, selon le rythme de chacun et la profondeur du probl\u00e8me \u00e0 traiter.<\/span><\/em><\/p>\n<p><strong><span style=\"font-family: arial,helvetica,sans-serif; font-size: 12pt;\">Tarif : 70 euros (1h30)\u00a0 \/ en face \u00e0 face ou par skype<br \/>\n<\/span><\/strong><\/p>\n<p><em><span style=\"font-family: arial,helvetica,sans-serif; font-size: 12pt;\">NB : l&rsquo;EFT n&rsquo;est pas un massage <\/span><\/em><\/p>\n<p>&nbsp;<\/p>\n<p><strong><span style=\"font-family: arial,helvetica,sans-serif; font-size: 12pt;\">\u00a0<\/span><\/strong><\/p>\n","protected":false},"excerpt":{"rendered":"<p>La Lib\u00e9ration Emotionnelle Energ\u00e9tique (EFT, Emotional Freedom Technique) est une m\u00e9thode psycho-corporelle qui permet de se lib\u00e9rer des \u00e9motions n\u00e9gatives en lien avec l&rsquo;enfant int\u00e9rieur, le transg\u00e9n\u00e9rationnel, des traumatismes ou \u00e9v\u00e8nements ayant provoqu\u00e9 un mal-\u00eatre. L&rsquo;EFT est particuli\u00e8rement indiqu\u00e9e en&#8230;<br \/><a class=\"read-more-button\" href=\"https:\/\/vie-et-bienetre.com\/index.php\/la-liberation-emotionnelle-energetique\/\">Savoir plus<\/a><\/p>\n","protected":false},"author":2,"featured_media":0,"parent":0,"menu_order":0,"comment_status":"closed","ping_status":"closed","template":"","meta":{"footnotes":""},"class_list":["post-630","page","type-page","status-publish","hentry"],"_links":{"self":[{"href":"https:\/\/vie-et-bienetre.com\/index.php\/wp-json\/wp\/v2\/pages\/630","targetHints":{"allow":["GET"]}}],"collection":[{"href":"https:\/\/vie-et-bienetre.com\/index.php\/wp-json\/wp\/v2\/pages"}],"about":[{"href":"https:\/\/vie-et-bienetre.com\/index.php\/wp-json\/wp\/v2\/types\/page"}],"author":[{"embeddable":true,"href":"https:\/\/vie-et-bienetre.com\/index.php\/wp-json\/wp\/v2\/users\/2"}],"replies":[{"embeddable":true,"href":"https:\/\/vie-et-bienetre.com\/index.php\/wp-json\/wp\/v2\/comments?post=630"}],"version-history":[{"count":47,"href":"https:\/\/vie-et-bienetre.com\/index.php\/wp-json\/wp\/v2\/pages\/630\/revisions"}],"predecessor-version":[{"id":1410,"href":"https:\/\/vie-et-bienetre.com\/index.php\/wp-json\/wp\/v2\/pages\/630\/revisions\/1410"}],"wp:attachment":[{"href":"https:\/\/vie-et-bienetre.com\/index.php\/wp-json\/wp\/v2\/media?parent=630"}],"curies":[{"name":"wp","href":"https:\/\/api.w.org\/{rel}","templated":true}]}}