{"id":63,"date":"2017-09-24T10:36:03","date_gmt":"2017-09-24T08:36:03","guid":{"rendered":"http:\/\/vie-et-bienetre.com\/?page_id=63"},"modified":"2020-08-01T15:09:35","modified_gmt":"2020-08-01T13:09:35","slug":"contact","status":"publish","type":"page","link":"https:\/\/vie-et-bienetre.com\/index.php\/contact\/","title":{"rendered":"Contact"},"content":{"rendered":"<p><img loading=\"lazy\" decoding=\"async\" class=\"alignleft wp-image-524\" src=\"http:\/\/vie-et-bienetre.com\/wp-content\/uploads\/2018\/01\/salle_massage_site.jpg\" alt=\"\" width=\"514\" height=\"289\" srcset=\"https:\/\/vie-et-bienetre.com\/wp-content\/uploads\/2018\/01\/salle_massage_site.jpg 1200w, https:\/\/vie-et-bienetre.com\/wp-content\/uploads\/2018\/01\/salle_massage_site-300x169.jpg 300w, https:\/\/vie-et-bienetre.com\/wp-content\/uploads\/2018\/01\/salle_massage_site-768x432.jpg 768w, https:\/\/vie-et-bienetre.com\/wp-content\/uploads\/2018\/01\/salle_massage_site-1024x576.jpg 1024w, https:\/\/vie-et-bienetre.com\/wp-content\/uploads\/2018\/01\/salle_massage_site-1170x658.jpg 1170w\" sizes=\"auto, (max-width: 514px) 100vw, 514px\" \/><\/p>\n<p><span style=\"font-size: 12pt; font-family: arial,helvetica,sans-serif;\">Je vous accueille dans mon espace bien-\u00eatre chaleureux et tr\u00e8s calme \u00e0 Entrammes, tout pr\u00e8s de Laval, du lundi au samedi sur rendez-vous.<\/span><\/p>\n<p>&nbsp;<\/p>\n<p>&nbsp;<\/p>\n<p>&nbsp;<\/p>\n<p>&nbsp;<\/p>\n<p>&nbsp;<\/p>\n<p>&nbsp;<\/p>\n<p><span style=\"font-size: 18pt;\">Myriam Repusseau<\/span><\/p>\n<p class=\"western\" align=\"left\"><span style=\"font-family: arial,helvetica,sans-serif; font-size: 12pt;\">T\u00e9l\u00a0: 02 43 90 84 18<br \/>\n<\/span><\/p>\n<p class=\"western\" align=\"left\"><span style=\"font-family: arial,helvetica,sans-serif; font-size: 14pt;\">Vie et Bien-Etre, <\/span><span style=\"font-family: arial,helvetica,sans-serif; font-size: 12pt;\">32 rue des Ch\u00eanes, <\/span><span style=\"font-family: Garamond,serif;\"><span style=\"font-size: large;\"><span style=\"font-family: arial,helvetica,sans-serif; font-size: 12pt;\">53260 Entrammes<\/span><br \/>\n<\/span><\/span><\/p>\n<p>&nbsp;<\/p>\n\n<div class=\"google-maps-builder-wrap\">\n\n\t<div id=\"google-maps-builder-503\" class=\"google-maps-builder\"  data-map-id=\"503\" style=\"width:60%; height:150px\"><\/div>\n\n\t\n<\/div>\n\n<p>&nbsp;<\/p>\n<p align=\"left\"><span style=\"font-size: 12pt;\">Vous pouvez \u00e9galement nous laisser un message ci-dessous :<\/span><\/p>\n<p align=\"left\">\n<div class=\"wpcf7 no-js\" id=\"wpcf7-f699-o1\" lang=\"fr-FR\" dir=\"ltr\">\n<div class=\"screen-reader-response\"><p role=\"status\" aria-live=\"polite\" aria-atomic=\"true\"><\/p> <ul><\/ul><\/div>\n<form action=\"\/index.php\/wp-json\/wp\/v2\/pages\/63#wpcf7-f699-o1\" method=\"post\" class=\"wpcf7-form init\" aria-label=\"Formulaire de contact\" novalidate=\"novalidate\" data-status=\"init\">\n<div style=\"display: none;\">\n<input type=\"hidden\" name=\"_wpcf7\" value=\"699\" \/>\n<input type=\"hidden\" name=\"_wpcf7_version\" value=\"5.7.7\" \/>\n<input type=\"hidden\" name=\"_wpcf7_locale\" value=\"fr_FR\" \/>\n<input type=\"hidden\" name=\"_wpcf7_unit_tag\" value=\"wpcf7-f699-o1\" \/>\n<input type=\"hidden\" name=\"_wpcf7_container_post\" value=\"0\" \/>\n<input type=\"hidden\" name=\"_wpcf7_posted_data_hash\" value=\"\" \/>\n<\/div>\n<p><label> Votre nom (obligatoire)<br \/>\n<span class=\"wpcf7-form-control-wrap\" data-name=\"your-name\"><input size=\"40\" class=\"wpcf7-form-control wpcf7-text wpcf7-validates-as-required\" aria-required=\"true\" aria-invalid=\"false\" value=\"\" type=\"text\" name=\"your-name\" \/><\/span> <\/label>\n<\/p>\n<p><label> Votre adresse de messagerie (obligatoire)<br \/>\n<span class=\"wpcf7-form-control-wrap\" data-name=\"your-email\"><input size=\"40\" class=\"wpcf7-form-control wpcf7-text wpcf7-email wpcf7-validates-as-required wpcf7-validates-as-email\" aria-required=\"true\" aria-invalid=\"false\" value=\"\" type=\"email\" name=\"your-email\" \/><\/span> <\/label>\n<\/p>\n<p><label> Objet<br \/>\n<span class=\"wpcf7-form-control-wrap\" data-name=\"your-subject\"><input size=\"40\" class=\"wpcf7-form-control wpcf7-text\" aria-invalid=\"false\" value=\"\" type=\"text\" name=\"your-subject\" \/><\/span> <\/label>\n<\/p>\n<p><label> Votre message<br \/>\n<span class=\"wpcf7-form-control-wrap\" data-name=\"your-message\"><textarea cols=\"40\" rows=\"10\" class=\"wpcf7-form-control wpcf7-textarea\" aria-invalid=\"false\" name=\"your-message\"><\/textarea><\/span> <\/label>\n<\/p>\n<p>[anr_nocaptcha g-recaptcha-response]\n<\/p>\n<p><input class=\"wpcf7-form-control has-spinner wpcf7-submit\" type=\"submit\" value=\"Envoyer\" \/>\n<\/p><p style=\"display: none !important;\"><label>&#916;<textarea name=\"_wpcf7_ak_hp_textarea\" cols=\"45\" rows=\"8\" maxlength=\"100\"><\/textarea><\/label><input type=\"hidden\" id=\"ak_js_1\" name=\"_wpcf7_ak_js\" value=\"228\"\/><script>document.getElementById( \"ak_js_1\" ).setAttribute( \"value\", ( new Date() ).getTime() );<\/script><\/p><div class=\"wpcf7-response-output\" aria-hidden=\"true\"><\/div>\n<\/form>\n<\/div>\n<\/p>\n<p>&nbsp;<\/p>\n","protected":false},"excerpt":{"rendered":"<p>Je vous accueille dans mon espace bien-\u00eatre chaleureux et tr\u00e8s calme \u00e0 Entrammes, tout pr\u00e8s de Laval, du lundi au samedi sur rendez-vous. &nbsp; &nbsp; &nbsp; &nbsp; &nbsp; &nbsp; Myriam Repusseau T\u00e9l\u00a0: 02 43 90 84 18 Vie et Bien-Etre,&#8230;<br \/><a class=\"read-more-button\" href=\"https:\/\/vie-et-bienetre.com\/index.php\/contact\/\">Savoir plus<\/a><\/p>\n","protected":false},"author":2,"featured_media":0,"parent":0,"menu_order":0,"comment_status":"closed","ping_status":"closed","template":"","meta":{"footnotes":""},"class_list":["post-63","page","type-page","status-publish","hentry"],"_links":{"self":[{"href":"https:\/\/vie-et-bienetre.com\/index.php\/wp-json\/wp\/v2\/pages\/63","targetHints":{"allow":["GET"]}}],"collection":[{"href":"https:\/\/vie-et-bienetre.com\/index.php\/wp-json\/wp\/v2\/pages"}],"about":[{"href":"https:\/\/vie-et-bienetre.com\/index.php\/wp-json\/wp\/v2\/types\/page"}],"author":[{"embeddable":true,"href":"https:\/\/vie-et-bienetre.com\/index.php\/wp-json\/wp\/v2\/users\/2"}],"replies":[{"embeddable":true,"href":"https:\/\/vie-et-bienetre.com\/index.php\/wp-json\/wp\/v2\/comments?post=63"}],"version-history":[{"count":61,"href":"https:\/\/vie-et-bienetre.com\/index.php\/wp-json\/wp\/v2\/pages\/63\/revisions"}],"predecessor-version":[{"id":822,"href":"https:\/\/vie-et-bienetre.com\/index.php\/wp-json\/wp\/v2\/pages\/63\/revisions\/822"}],"wp:attachment":[{"href":"https:\/\/vie-et-bienetre.com\/index.php\/wp-json\/wp\/v2\/media?parent=63"}],"curies":[{"name":"wp","href":"https:\/\/api.w.org\/{rel}","templated":true}]}}