{"id":60,"date":"2017-09-24T10:31:15","date_gmt":"2017-09-24T08:31:15","guid":{"rendered":"http:\/\/vie-et-bienetre.com\/?page_id=60"},"modified":"2022-11-13T18:15:27","modified_gmt":"2022-11-13T17:15:27","slug":"qui-suis-je","status":"publish","type":"page","link":"https:\/\/vie-et-bienetre.com\/index.php\/qui-suis-je\/","title":{"rendered":"Qui suis-je ?"},"content":{"rendered":"<p class=\"western\" align=\"left\"><span style=\"font-family: arial,helvetica,sans-serif; font-size: 12pt;\"><img loading=\"lazy\" decoding=\"async\" class=\"alignleft size-medium wp-image-566\" src=\"http:\/\/vie-et-bienetre.com\/wp-content\/uploads\/2017\/09\/Phototissusindien1VF.03-206x300.jpg\" alt=\"\" width=\"206\" height=\"300\" srcset=\"https:\/\/vie-et-bienetre.com\/wp-content\/uploads\/2017\/09\/Phototissusindien1VF.03-206x300.jpg 206w, https:\/\/vie-et-bienetre.com\/wp-content\/uploads\/2017\/09\/Phototissusindien1VF.03-768x1116.jpg 768w, https:\/\/vie-et-bienetre.com\/wp-content\/uploads\/2017\/09\/Phototissusindien1VF.03-705x1024.jpg 705w, https:\/\/vie-et-bienetre.com\/wp-content\/uploads\/2017\/09\/Phototissusindien1VF.03-1170x1700.jpg 1170w\" sizes=\"auto, (max-width: 206px) 100vw, 206px\" \/>Lorsque j\u2019ai d\u00e9couvert l\u2019Ayurv\u00e9da, et plus particuli\u00e8rement le soin ayurv\u00e9dique, ce fut une v\u00e9ritable r\u00e9v\u00e9lation qui allait compl\u00e8tement transformer ma vie.\u00a0<\/span><\/p>\n<p class=\"western\" align=\"left\"><span style=\"font-family: arial,helvetica,sans-serif; font-size: 12pt;\">Au bout de deux ans de formation sur les massages du corps, de la t\u00eate et du visage, et des pieds au bol kansu, j\u2019ai souhait\u00e9 approfondir mon exp\u00e9rience en me formant aux 107 points \u00e9nerg\u00e9tiques ayurv\u00e9diques appel\u00e9s \u00ab marmas \u00bb. Ces points sont consid\u00e9r\u00e9s comme des portes entre le corps et l\u2019esprit. Masser ces points permet de lib\u00e9rer les blocages \u00e9motionnels, \u00e9nerg\u00e9tiques et d\u2019agir plus en profondeur.<\/span><span style=\"font-family: arial,helvetica,sans-serif; font-size: 12pt;\"><br \/>\n<\/span><\/p>\n<p align=\"left\"><span style=\"font-family: arial,helvetica,sans-serif; font-size: 12pt;\">Apr\u00e8s bient\u00f4t 10 ans de pratique, je propose maintenant les soins \u00e9nerg\u00e9tiques ayurv\u00e9diques compos\u00e9s de plusieurs techniques. Ayant exp\u00e9riment\u00e9 personnellement l&rsquo;effet rapide de d\u00e9gagement d&rsquo;un choc gr\u00e2ce aux bols chantants, cet outil est ajout\u00e9 dans un deuxi\u00e8me temps durant les soins. Les ondes des bols permettent un l\u00e2cher-prise profond pour d\u00e9gager les r\u00e9sistances physiques, \u00e9motionnelles ou \u00e9nerg\u00e9tiques et facilitent le retour \u00e0 l&rsquo; \u00e9quilibre naturel. <br \/>\n<\/span><\/p>\n<p class=\"western\" align=\"left\"><span style=\"font-family: Garamond,serif; font-size: 12pt;\"><span style=\"font-family: arial,helvetica,sans-serif;\">Ayant pu constater que la plupart des blocages proviennent de perturbations \u00e9motionnelles r\u00e9centes ou anciennes, j&rsquo;accompagne \u00e9galement les personnes en s\u00e9ances de lib\u00e9ration \u00e9motionnelle \u00e9nerg\u00e9tique (EFT). Cette m\u00e9thode psycho-corporelle permet de pacifier les \u00e9motions n\u00e9gatives par l&rsquo;auto-stimulation de points \u00e9nerg\u00e9tiques tout en reprogrammant le cerveau \u00e9motionnel afin de<\/span><\/span><span style=\"font-family: Garamond,serif; font-size: 12pt;\"><span style=\"font-family: arial,helvetica,sans-serif;\"> r\u00e9tablir l&rsquo;harmonie de mani\u00e8re globale.<br \/>\n<\/span><\/span><\/p>\n<p align=\"left\"><span style=\"font-family: arial, helvetica, sans-serif; font-size: 12pt;\">\u00a0<\/span><\/p>\n<p class=\"western\" align=\"left\"><span style=\"font-size: 12pt;\"><strong><span style=\"font-family: arial,helvetica,sans-serif;\">FORMATION<\/span><\/strong><\/span><\/p>\n<p align=\"left\"><span style=\"font-family: arial, helvetica, sans-serif; font-size: 12pt;\">\u00ab\u00a0Le Soin Sonore aux Bols Chantants\u00a0\u00bb, protocole Ecole du Son, Katmandou, N\u00e9pal (Mme Renaud, Praticienne en Soins Ayurv\u00e9diques, Ao\u00fbt 2020) <\/span><\/p>\n<p align=\"left\"><span style=\"font-family: arial,helvetica,sans-serif; font-size: 12pt;\">Les Centres d&rsquo;Energie en Ayurv\u00e9da, Vasant D. Lad, (The Ayurvedic Institute, Mars-Juillet 2020) <\/span><\/p>\n<p align=\"left\"><span style=\"font-family: arial,helvetica,sans-serif; font-size: 12pt;\">Techniques de Lib\u00e9ration Emotionnelle Energ\u00e9tique (EFT), Centre Officiel de Gary Craig, fondateur de la m\u00e9thode (EFT Suisse, 2018-F\u00e9vrier 2020)<\/span><\/p>\n<p align=\"left\">\u00a0<span style=\"font-family: arial,helvetica,sans-serif; font-size: 12pt;\">\u00ab\u00a0Le Soin Energ\u00e9tique Ayurv\u00e9dique\u00a0\u00bb, protocole de Vasant D. Lad (OJAS Ayurveda, Ao\u00fbt 2018)<\/span><\/p>\n<p align=\"left\"><span style=\"font-family: arial,helvetica,sans-serif; font-size: 12pt;\">2\u00e8me cycle Formation au Massage des 107 Marmas (points \u00e9nerg\u00e9tiques ayurv\u00e9diques) selon l&rsquo;enseignement traditionnel Sushruta (OJAS Ayurveda 2016-2017)<\/span><\/p>\n<p align=\"left\"><span style=\"font-family: arial,helvetica,sans-serif; font-size: 12pt;\">1er cycle Formation aux\u00a0 Massages traditionnels : Abhyanga (corps complet), massage de la t\u00eate, massage des pieds au bol kansu (OJAS 2014-2016)<\/span><\/p>\n<p align=\"left\"><span style=\"font-size: 12pt;\"><em><span style=\"font-family: arial,helvetica,sans-serif;\">Ouvrages de r\u00e9f\u00e9rence : Marma Points of Ayurveda de Vasant D. Lad; Ayurveda and Marma Therapy de David Frawley; Textbooks of Ayurveda Vol. 1,2,3 de Vasant D. Lad; Ayurveda and the Mind, the healing of consciousness, David Frawley<br \/>\n<\/span><\/em><\/span><\/p>\n","protected":false},"excerpt":{"rendered":"<p>Lorsque j\u2019ai d\u00e9couvert l\u2019Ayurv\u00e9da, et plus particuli\u00e8rement le soin ayurv\u00e9dique, ce fut une v\u00e9ritable r\u00e9v\u00e9lation qui allait compl\u00e8tement transformer ma vie.\u00a0 Au bout de deux ans de formation sur les massages du corps, de la t\u00eate et du visage, et&#8230;<br \/><a class=\"read-more-button\" href=\"https:\/\/vie-et-bienetre.com\/index.php\/qui-suis-je\/\">Savoir plus<\/a><\/p>\n","protected":false},"author":2,"featured_media":0,"parent":0,"menu_order":0,"comment_status":"closed","ping_status":"closed","template":"","meta":{"footnotes":""},"class_list":["post-60","page","type-page","status-publish","hentry"],"_links":{"self":[{"href":"https:\/\/vie-et-bienetre.com\/index.php\/wp-json\/wp\/v2\/pages\/60","targetHints":{"allow":["GET"]}}],"collection":[{"href":"https:\/\/vie-et-bienetre.com\/index.php\/wp-json\/wp\/v2\/pages"}],"about":[{"href":"https:\/\/vie-et-bienetre.com\/index.php\/wp-json\/wp\/v2\/types\/page"}],"author":[{"embeddable":true,"href":"https:\/\/vie-et-bienetre.com\/index.php\/wp-json\/wp\/v2\/users\/2"}],"replies":[{"embeddable":true,"href":"https:\/\/vie-et-bienetre.com\/index.php\/wp-json\/wp\/v2\/comments?post=60"}],"version-history":[{"count":99,"href":"https:\/\/vie-et-bienetre.com\/index.php\/wp-json\/wp\/v2\/pages\/60\/revisions"}],"predecessor-version":[{"id":1381,"href":"https:\/\/vie-et-bienetre.com\/index.php\/wp-json\/wp\/v2\/pages\/60\/revisions\/1381"}],"wp:attachment":[{"href":"https:\/\/vie-et-bienetre.com\/index.php\/wp-json\/wp\/v2\/media?parent=60"}],"curies":[{"name":"wp","href":"https:\/\/api.w.org\/{rel}","templated":true}]}}