{"id":47,"date":"2017-09-24T09:59:13","date_gmt":"2017-09-24T07:59:13","guid":{"rendered":"http:\/\/vie-et-bienetre.com\/?page_id=47"},"modified":"2023-12-09T11:26:51","modified_gmt":"2023-12-09T10:26:51","slug":"soin-energetique-bien-etre-emotionnel","status":"publish","type":"page","link":"https:\/\/vie-et-bienetre.com\/index.php\/les-soins-energetiques-ayurvediques-aux-bols-chantants\/soin-energetique-bien-etre-emotionnel\/","title":{"rendered":"Le Soin Energ\u00e9tique \u00ab\u00a0Bien-Etre Emotionnel\u00a0\u00bb"},"content":{"rendered":"<p align=\"left\"><img loading=\"lazy\" decoding=\"async\" class=\"wp-image-1072  alignleft\" src=\"https:\/\/vie-et-bienetre.com\/wp-content\/uploads\/2021\/12\/visage-300x192.png\" alt=\"\" width=\"396\" height=\"254\" srcset=\"https:\/\/vie-et-bienetre.com\/wp-content\/uploads\/2021\/12\/visage-300x192.png 300w, https:\/\/vie-et-bienetre.com\/wp-content\/uploads\/2021\/12\/visage.png 375w\" sizes=\"auto, (max-width: 396px) 100vw, 396px\" \/><\/p>\n<p><span style=\"font-family: arial, helvetica, sans-serif; font-size: 12pt;\">Ce soin est une combinaison de plusieurs techniques de bien-\u00eatre et est particuli\u00e8rement indiqu\u00e9 en cas de : <\/span><\/p>\n<ul style=\"list-style-position: inside;\">\n<li style=\"text-align: left;\"><span style=\"font-family: arial, helvetica, sans-serif; font-size: 12pt;\">surcharge mentale<br \/>\n<\/span><\/li>\n<li style=\"text-align: left;\"><span style=\"font-family: arial, helvetica, sans-serif; font-size: 12pt;\">perturbations \u00e9motionnelles, chocs<br \/>\n<\/span><\/li>\n<li style=\"text-align: left;\"><span style=\"font-family: arial, helvetica, sans-serif; font-size: 12pt;\">stress, angoisses, col\u00e8re<br \/>\n<\/span><\/li>\n<li><span style=\"font-family: arial, helvetica, sans-serif; font-size: 12pt;\">probl\u00e8mes de sommeil<\/span><\/li>\n<\/ul>\n<p align=\"left\"><span style=\"font-family: arial, helvetica, sans-serif; font-size: 12pt;\"><strong>1\u00e8re partie<\/strong> : pr\u00e9paration \u00e9nerg\u00e9tique ayurv\u00e9dique du corps complet\u00a0 avec une attention particuli\u00e8re \u00e0 la surcharge mentale et les perturbations \u00e9motionnelles (massage du visage, stimulation manuelle de certains points \u00e9nerg\u00e9tiques ayurv\u00e9diques, imposition des mains sur le corps, d\u00e9tente du ventre et des pieds).<br \/>\n<\/span><\/p>\n<p align=\"left\"><span style=\"font-family: arial, helvetica, sans-serif; font-size: 12pt;\"><strong>2\u00e8me partie<\/strong> : 4 bols chantants sont pos\u00e9s sur des marmas pr\u00e9cis (points \u00e9nerg\u00e9tiques ayurv\u00e9diques) pour lever les blocages et l\u00e2cher les r\u00e9sistances \u00e9nerg\u00e9tiques r\u00e9siduelles pour un meilleur retour \u00e0 l&rsquo;\u00e9quilibre corporel et \u00e9motionnel.<\/span><\/p>\n<p align=\"left\"><span style=\"font-family: arial, helvetica, sans-serif; font-size: 12pt;\">Il est recommand\u00e9 de commencer par ce soin pour une premi\u00e8re s\u00e9ance de soin \u00e9nerg\u00e9tique.<\/span><\/p>\n<p align=\"left\"><em><span style=\"font-family: arial, helvetica, sans-serif; font-size: 12pt;\">Pour les personnes dont les tensions se portent davantage dans le dos, une variante est propos\u00e9e pour soulager les tensions dorsales.<\/span><\/em><\/p>\n<p align=\"left\"><span style=\"font-family: arial, helvetica, sans-serif; font-size: 12pt;\"><strong>Tarif : 70 euros\u00a0 (1h de soin + 30 mn d&rsquo;accompagnement), dur\u00e9e totale 1h30<\/strong><\/span><\/p>\n<p class=\"western\" align=\"left\"><span style=\"font-family: arial,helvetica,sans-serif; font-size: 12pt;\"><em>NB : ce soin est un soin \u00e9nerg\u00e9tique,\u00a0 il ne s&rsquo;agit pas d&rsquo;un massage du corps complet<br \/>\n<\/em><\/span><\/p>\n<p class=\"western\" align=\"left\"><span style=\"font-family: arial,helvetica,sans-serif; font-size: 12pt;\"><strong>\u00a0<\/strong><\/span><\/p>\n<p align=\"left\">\u00a0<\/p>\n<p align=\"left\">\u00a0<\/p>\n","protected":false},"excerpt":{"rendered":"<p>Ce soin est une combinaison de plusieurs techniques de bien-\u00eatre et est particuli\u00e8rement indiqu\u00e9 en cas de : surcharge mentale perturbations \u00e9motionnelles, chocs stress, angoisses, col\u00e8re probl\u00e8mes de sommeil 1\u00e8re partie : pr\u00e9paration \u00e9nerg\u00e9tique ayurv\u00e9dique du corps complet\u00a0 avec une&#8230;<br \/><a class=\"read-more-button\" href=\"https:\/\/vie-et-bienetre.com\/index.php\/les-soins-energetiques-ayurvediques-aux-bols-chantants\/soin-energetique-bien-etre-emotionnel\/\">Savoir plus<\/a><\/p>\n","protected":false},"author":2,"featured_media":0,"parent":1126,"menu_order":0,"comment_status":"closed","ping_status":"closed","template":"","meta":{"footnotes":""},"class_list":["post-47","page","type-page","status-publish","hentry"],"_links":{"self":[{"href":"https:\/\/vie-et-bienetre.com\/index.php\/wp-json\/wp\/v2\/pages\/47","targetHints":{"allow":["GET"]}}],"collection":[{"href":"https:\/\/vie-et-bienetre.com\/index.php\/wp-json\/wp\/v2\/pages"}],"about":[{"href":"https:\/\/vie-et-bienetre.com\/index.php\/wp-json\/wp\/v2\/types\/page"}],"author":[{"embeddable":true,"href":"https:\/\/vie-et-bienetre.com\/index.php\/wp-json\/wp\/v2\/users\/2"}],"replies":[{"embeddable":true,"href":"https:\/\/vie-et-bienetre.com\/index.php\/wp-json\/wp\/v2\/comments?post=47"}],"version-history":[{"count":162,"href":"https:\/\/vie-et-bienetre.com\/index.php\/wp-json\/wp\/v2\/pages\/47\/revisions"}],"predecessor-version":[{"id":1405,"href":"https:\/\/vie-et-bienetre.com\/index.php\/wp-json\/wp\/v2\/pages\/47\/revisions\/1405"}],"up":[{"embeddable":true,"href":"https:\/\/vie-et-bienetre.com\/index.php\/wp-json\/wp\/v2\/pages\/1126"}],"wp:attachment":[{"href":"https:\/\/vie-et-bienetre.com\/index.php\/wp-json\/wp\/v2\/media?parent=47"}],"curies":[{"name":"wp","href":"https:\/\/api.w.org\/{rel}","templated":true}]}}