{"id":1126,"date":"2022-08-27T17:18:04","date_gmt":"2022-08-27T15:18:04","guid":{"rendered":"https:\/\/vie-et-bienetre.com\/?page_id=1126"},"modified":"2022-11-15T14:40:57","modified_gmt":"2022-11-15T13:40:57","slug":"les-soins-energetiques-ayurvediques-aux-bols-chantants","status":"publish","type":"page","link":"https:\/\/vie-et-bienetre.com\/index.php\/les-soins-energetiques-ayurvediques-aux-bols-chantants\/","title":{"rendered":"R\u00e9\u00e9quilibrage Energ\u00e9tique Ayurv\u00e9dique"},"content":{"rendered":"<p class=\"western\" align=\"left\"><span style=\"font-family: arial,helvetica,sans-serif; font-size: 12pt;\">Les soins \u00e9nerg\u00e9tiques ayurv\u00e9diques s\u2019inscrivent dans la tradition indienne, notamment dans une des branches de l\u2019Ayurv\u00e9da qui signifie \u00ab science de la vie \u00bb.<\/span><\/p>\n<p align=\"left\"><img loading=\"lazy\" decoding=\"async\" class=\"wp-image-181  alignleft\" src=\"https:\/\/vie-et-bienetre.com\/wp-content\/uploads\/2017\/09\/LotusFlowerMeaning1-228x300.jpg\" alt=\"\" width=\"244\" height=\"321\" srcset=\"https:\/\/vie-et-bienetre.com\/wp-content\/uploads\/2017\/09\/LotusFlowerMeaning1-228x300.jpg 228w, https:\/\/vie-et-bienetre.com\/wp-content\/uploads\/2017\/09\/LotusFlowerMeaning1.jpg 680w\" sizes=\"auto, (max-width: 244px) 100vw, 244px\" \/><\/p>\n<p><span style=\"font-family: arial, helvetica, sans-serif; font-size: 12pt;\">Ils sont particuli\u00e8rement b\u00e9n\u00e9fiques en cas de surcharge mentale, tensions nerveuses, perturbations \u00e9motionnelles, chocs, troubles du sommeil. <\/span><span style=\"font-family: arial,helvetica,sans-serif; font-size: 12pt;\">Ils lib\u00e8rent les blocages \u00e9motionnels, apaisent le mental<\/span><span style=\"font-family: arial, helvetica, sans-serif; font-size: 12pt;\">.<\/span><\/p>\n<p class=\"western\" align=\"left\"><span style=\"font-family: arial, helvetica, sans-serif; font-size: 12pt;\"><strong>1\u00e8re partie<\/strong> :\u00a0 pr\u00e9paration \u00e9nerg\u00e9tique ayurv\u00e9dique du corps complet\u00a0 avec la combinaison de plusieurs techniques : massage du visage, stimulation de marmas qui sont des points \u00e9nerg\u00e9tiques propres \u00e0 l&rsquo;ayurv\u00e9da, imposition des mains sur le corps, d\u00e9tente du ventre et des pieds.<br \/>\n<\/span><\/p>\n<p class=\"western\" align=\"left\"><span style=\"font-family: arial, helvetica, sans-serif; font-size: 12pt;\"><strong>2\u00e8me partie<\/strong> : des bols chantants sont ajout\u00e9s sur le corps. Ils sont plac\u00e9s sur des marmas bien pr\u00e9cis. La vibration des bols permet de l\u00e2cher les r\u00e9sistances corporelles et \u00e9motionnelles pour un meilleur retour \u00e0 l&rsquo;\u00e9quilibre physique et psychologique.<\/span><\/p>\n<p align=\"left\"><span style=\"font-family: arial, helvetica, sans-serif; font-size: 12pt;\">En ayurveda, les zones de blocage ont un sens bien pr\u00e9cis. Un \u00e9change est propos\u00e9 \u00e0 la personne \u00e0 la fin de la s\u00e9ance ainsi qu&rsquo;un outil de r\u00e9harmonisation \u00e0 faire soi-m\u00eame entre les soins.<\/span><\/p>\n<p align=\"left\"><span style=\"font-family: arial, helvetica, sans-serif; font-size: 12pt;\">Le soin <a style=\"text-decoration: none; color: #ecaf5f;\" href=\"https:\/\/vie-et-bienetre.com\/index.php\/les-soins-energetiques-ayurvediques-aux-bols-chantants\/soin-energetique-bien-etre-emotionnel\/\">\u00ab\u00a0Bien-Etre Emotionnel\u00a0\u00bb<\/a> va \u00eatre plus adapt\u00e9 pour calmer le mental et apaiser les \u00e9motions n\u00e9gatives. Pour un premier soin, il est recommand\u00e9 de commencer par celui-l\u00e0.<br \/>\n<\/span><\/p>\n<p align=\"left\"><span style=\"font-family: arial, helvetica, sans-serif; font-size: 12pt;\">Le soin <a style=\"text-decoration: none; color: #ecaf5f;\" href=\"https:\/\/vie-et-bienetre.com\/index.php\/les-soins-energetiques-ayurvediques-aux-bols-chantants\/soin-energetique-harmonisation-globale\/\">\u00ab\u00a0Harmonisation Globale\u00a0\u00bb<\/a> permet un r\u00e9alignement du mental, du coeur et du corps, il se fait en g\u00e9n\u00e9ral dans un 2\u00e8me temps apr\u00e8s une ou plusieurs s\u00e9ances du soin \u00ab\u00a0Bien-Etre Emotionnel\u00a0\u00bb.<\/span><span style=\"font-family: arial, helvetica, sans-serif; font-size: 12pt;\">\u00a0<\/span><\/p>\n<p align=\"left\"><span style=\"font-family: arial,helvetica,sans-serif; font-size: 12pt;\"><em>NB : ces soins sont des soins \u00e9nerg\u00e9tiques, il ne s&rsquo;agit pas d&rsquo;un massage du corps complet<strong><br \/>\n<\/strong><\/em><\/span><\/p>\n<p align=\"left\">\u00a0<\/p>\n<p class=\"western\" align=\"left\"><span style=\"font-size: 14pt; font-family: arial, helvetica, sans-serif;\"><b>Les <\/b><strong>Marmas<\/strong><\/span><\/p>\n<p class=\"western\" align=\"left\"><span style=\"font-family: arial,helvetica,sans-serif; font-size: 12pt;\"><img loading=\"lazy\" decoding=\"async\" class=\"wp-image-391  alignright\" src=\"https:\/\/vie-et-bienetre.com\/wp-content\/uploads\/2017\/09\/vignette_ridaya-300x300.jpeg\" alt=\"\" width=\"274\" height=\"274\" srcset=\"https:\/\/vie-et-bienetre.com\/wp-content\/uploads\/2017\/09\/vignette_ridaya-300x300.jpeg 300w, https:\/\/vie-et-bienetre.com\/wp-content\/uploads\/2017\/09\/vignette_ridaya-150x150.jpeg 150w, https:\/\/vie-et-bienetre.com\/wp-content\/uploads\/2017\/09\/vignette_ridaya-768x768.jpeg 768w, https:\/\/vie-et-bienetre.com\/wp-content\/uploads\/2017\/09\/vignette_ridaya-1024x1024.jpeg 1024w, https:\/\/vie-et-bienetre.com\/wp-content\/uploads\/2017\/09\/vignette_ridaya-1170x1170.jpeg 1170w, https:\/\/vie-et-bienetre.com\/wp-content\/uploads\/2017\/09\/vignette_ridaya.jpeg 1554w\" sizes=\"auto, (max-width: 274px) 100vw, 274px\" \/>Les marmas sont des points \u00e9nerg\u00e9tiques propres \u00e0 l\u2019ayurv\u00e9da, ils sont consid\u00e9r\u00e9s comme des portes entre le corps et l\u2019esprit et des points d&rsquo;intersection des\u00a0 5 \u00e9l\u00e9ments internes. Stimuler ces points permet de lib\u00e9rer les blocages \u00e9nerg\u00e9tiques et d&rsquo;aller plus en profondeur. <\/span><span style=\"font-family: arial,helvetica,sans-serif; font-size: 12pt;\">Ils permettent de d\u00e9nouer les tensions, qu\u2019elles soient physiques, nerveuses ou \u00e9motionnelles.<\/span><\/p>\n<p align=\"left\"><span style=\"font-family: arial, helvetica, sans-serif; font-size: 12pt;\">Lever les blocages permet au prana, \u00e0 la force vitale de recirculer harmonieusement dans tout le corps et de retrouver davantage de calme et de paix int\u00e9rieure. <br \/>\n<\/span><\/p>\n<p class=\"western\" align=\"left\"><span style=\"font-size: 12pt; font-family: arial,helvetica,sans-serif;\">Un entretien pr\u00e9alable permet d&rsquo;adapter au mieux le soin \u00e0 chaque personne.<\/span><\/p>\n","protected":false},"excerpt":{"rendered":"<p>Les soins \u00e9nerg\u00e9tiques ayurv\u00e9diques s\u2019inscrivent dans la tradition indienne, notamment dans une des branches de l\u2019Ayurv\u00e9da qui signifie \u00ab science de la vie \u00bb. Ils sont particuli\u00e8rement b\u00e9n\u00e9fiques en cas de surcharge mentale, tensions nerveuses, perturbations \u00e9motionnelles, chocs, troubles du&#8230;<br \/><a class=\"read-more-button\" href=\"https:\/\/vie-et-bienetre.com\/index.php\/les-soins-energetiques-ayurvediques-aux-bols-chantants\/\">Savoir plus<\/a><\/p>\n","protected":false},"author":3,"featured_media":0,"parent":0,"menu_order":0,"comment_status":"closed","ping_status":"closed","template":"","meta":{"footnotes":""},"class_list":["post-1126","page","type-page","status-publish","hentry"],"_links":{"self":[{"href":"https:\/\/vie-et-bienetre.com\/index.php\/wp-json\/wp\/v2\/pages\/1126","targetHints":{"allow":["GET"]}}],"collection":[{"href":"https:\/\/vie-et-bienetre.com\/index.php\/wp-json\/wp\/v2\/pages"}],"about":[{"href":"https:\/\/vie-et-bienetre.com\/index.php\/wp-json\/wp\/v2\/types\/page"}],"author":[{"embeddable":true,"href":"https:\/\/vie-et-bienetre.com\/index.php\/wp-json\/wp\/v2\/users\/3"}],"replies":[{"embeddable":true,"href":"https:\/\/vie-et-bienetre.com\/index.php\/wp-json\/wp\/v2\/comments?post=1126"}],"version-history":[{"count":46,"href":"https:\/\/vie-et-bienetre.com\/index.php\/wp-json\/wp\/v2\/pages\/1126\/revisions"}],"predecessor-version":[{"id":1386,"href":"https:\/\/vie-et-bienetre.com\/index.php\/wp-json\/wp\/v2\/pages\/1126\/revisions\/1386"}],"wp:attachment":[{"href":"https:\/\/vie-et-bienetre.com\/index.php\/wp-json\/wp\/v2\/media?parent=1126"}],"curies":[{"name":"wp","href":"https:\/\/api.w.org\/{rel}","templated":true}]}}