{"id":1117,"date":"2022-08-27T17:04:16","date_gmt":"2022-08-27T15:04:16","guid":{"rendered":"https:\/\/vie-et-bienetre.com\/?page_id=1117"},"modified":"2023-12-09T11:27:59","modified_gmt":"2023-12-09T10:27:59","slug":"soin-energetique-harmonisation-globale","status":"publish","type":"page","link":"https:\/\/vie-et-bienetre.com\/index.php\/les-soins-energetiques-ayurvediques-aux-bols-chantants\/soin-energetique-harmonisation-globale\/","title":{"rendered":"Le Soin Energ\u00e9tique \u00ab\u00a0Harmonisation Globale\u00a0\u00bb"},"content":{"rendered":"<p align=\"left\"><img loading=\"lazy\" decoding=\"async\" class=\"wp-image-870  alignleft\" src=\"https:\/\/vie-et-bienetre.com\/wp-content\/uploads\/2021\/07\/20111-20111-wellness-285591-e1629709496462-300x185.jpg\" alt=\"\" width=\"391\" height=\"241\" srcset=\"https:\/\/vie-et-bienetre.com\/wp-content\/uploads\/2021\/07\/20111-20111-wellness-285591-e1629709496462-300x185.jpg 300w, https:\/\/vie-et-bienetre.com\/wp-content\/uploads\/2021\/07\/20111-20111-wellness-285591-e1629709496462-768x473.jpg 768w, https:\/\/vie-et-bienetre.com\/wp-content\/uploads\/2021\/07\/20111-20111-wellness-285591-e1629709496462.jpg 975w\" sizes=\"auto, (max-width: 391px) 100vw, 391px\" \/><\/p>\n<p><span style=\"font-family: arial, helvetica, sans-serif; font-size: 12pt;\">Ce soin est une combinaison de plusieurs techniques de bien-\u00eatre et est indiqu\u00e9 en cas de :<\/span><\/p>\n<ul style=\"list-style-position: inside;\">\n<li style=\"text-align: left;\"><span style=\"font-family: arial, helvetica, sans-serif; font-size: 12pt;\">tensions nerveuses, angoisses<br \/>\n<\/span><\/li>\n<li><span style=\"font-family: arial, helvetica, sans-serif; font-size: 12pt;\">conflits int\u00e9rieurs<\/span><\/li>\n<li style=\"text-align: left;\"><span style=\"font-family: arial, helvetica, sans-serif; font-size: 12pt;\">blocages \u00e9motionnels et \u00e9nerg\u00e9tiques<\/span><span style=\"font-family: arial, helvetica, sans-serif; font-size: 12pt;\"><br \/>\n<\/span><\/li>\n<li><span style=\"font-family: arial, helvetica, sans-serif; font-size: 12pt;\">agitation mentale<\/span><\/li>\n<\/ul>\n<p align=\"left\"><span style=\"font-family: arial, helvetica, sans-serif; font-size: 12pt;\"><strong>1\u00e8re partie\u00a0<\/strong> :\u00a0 pr\u00e9paration \u00e9nerg\u00e9tique ayurv\u00e9dique du corps complet avec le massage du visage, la stimulation manuelle de points \u00e9nerg\u00e9tiques ayurv\u00e9diques importants (marmas) et imposition des mains sur le corps.<br \/>\n<\/span><\/p>\n<p align=\"left\"><span style=\"font-family: arial, helvetica, sans-serif; font-size: 12pt;\"><strong>2\u00e8me partie<\/strong> : on utilise 7 bols qui sont plac\u00e9s sur les centres d&rsquo;\u00e9nergie vitaux et autour de la t\u00eate. il permet un r\u00e9alignement global.<br \/>\n<\/span><\/p>\n<p align=\"left\"><span style=\"font-family: arial, helvetica, sans-serif; font-size: 12pt;\">Ce soin se fait dans un deuxi\u00e8me temps apr\u00e8s avoir fait une ou plusieurs s\u00e9ances du soin <a style=\"text-decoration: none; color: #ecaf5f;\" href=\"https:\/\/vie-et-bienetre.com\/index.php\/les-soins-energetiques-ayurvediques-aux-bols-chantants\/soin-energetique-bien-etre-emotionnel\/\">\u00ab\u00a0Bien-Etre Emotionnel\u00a0\u00bb<\/a> une fois que les principaux blocages ont \u00e9t\u00e9 d\u00e9gag\u00e9s. <\/span><\/p>\n<p align=\"left\"><span style=\"font-family: arial, helvetica, sans-serif; font-size: 12pt;\"><strong>Tarif : 70 euros (1h de soin + 30 mn d&rsquo;accompagnement), dur\u00e9e totale 1h30<\/strong><\/span><\/p>\n<p class=\"western\" align=\"left\"><span style=\"font-family: arial,helvetica,sans-serif; font-size: 12pt;\"><em>NB : ce soin est un soin \u00e9nerg\u00e9tique,\u00a0 il ne s&rsquo;agit pas d&rsquo;un massage du corps complet<br \/>\n<\/em><\/span><\/p>\n<p class=\"western\" align=\"left\"><span style=\"font-family: arial,helvetica,sans-serif; font-size: 12pt;\"><strong>\u00a0<\/strong><\/span><\/p>\n<p align=\"left\">\u00a0<\/p>\n<p align=\"left\">\u00a0<\/p>\n","protected":false},"excerpt":{"rendered":"<p>Ce soin est une combinaison de plusieurs techniques de bien-\u00eatre et est indiqu\u00e9 en cas de : tensions nerveuses, angoisses conflits int\u00e9rieurs blocages \u00e9motionnels et \u00e9nerg\u00e9tiques agitation mentale 1\u00e8re partie\u00a0 :\u00a0 pr\u00e9paration \u00e9nerg\u00e9tique ayurv\u00e9dique du corps complet avec le massage&#8230;<br \/><a class=\"read-more-button\" href=\"https:\/\/vie-et-bienetre.com\/index.php\/les-soins-energetiques-ayurvediques-aux-bols-chantants\/soin-energetique-harmonisation-globale\/\">Savoir plus<\/a><\/p>\n","protected":false},"author":3,"featured_media":0,"parent":1126,"menu_order":0,"comment_status":"closed","ping_status":"closed","template":"","meta":{"footnotes":""},"class_list":["post-1117","page","type-page","status-publish","hentry"],"_links":{"self":[{"href":"https:\/\/vie-et-bienetre.com\/index.php\/wp-json\/wp\/v2\/pages\/1117","targetHints":{"allow":["GET"]}}],"collection":[{"href":"https:\/\/vie-et-bienetre.com\/index.php\/wp-json\/wp\/v2\/pages"}],"about":[{"href":"https:\/\/vie-et-bienetre.com\/index.php\/wp-json\/wp\/v2\/types\/page"}],"author":[{"embeddable":true,"href":"https:\/\/vie-et-bienetre.com\/index.php\/wp-json\/wp\/v2\/users\/3"}],"replies":[{"embeddable":true,"href":"https:\/\/vie-et-bienetre.com\/index.php\/wp-json\/wp\/v2\/comments?post=1117"}],"version-history":[{"count":29,"href":"https:\/\/vie-et-bienetre.com\/index.php\/wp-json\/wp\/v2\/pages\/1117\/revisions"}],"predecessor-version":[{"id":1406,"href":"https:\/\/vie-et-bienetre.com\/index.php\/wp-json\/wp\/v2\/pages\/1117\/revisions\/1406"}],"up":[{"embeddable":true,"href":"https:\/\/vie-et-bienetre.com\/index.php\/wp-json\/wp\/v2\/pages\/1126"}],"wp:attachment":[{"href":"https:\/\/vie-et-bienetre.com\/index.php\/wp-json\/wp\/v2\/media?parent=1117"}],"curies":[{"name":"wp","href":"https:\/\/api.w.org\/{rel}","templated":true}]}}